{"id":2475,"date":"2021-05-18T13:29:40","date_gmt":"2021-05-18T13:29:40","guid":{"rendered":"https:\/\/www.lgbti-label.ch\/swiss-lgbti-label-le-label-de-qualit-pour-lgalit\/"},"modified":"2025-10-28T07:56:18","modified_gmt":"2025-10-28T07:56:18","slug":"swiss-lgbti-label-le-label-de-qualit-pour-lgalit","status":"publish","type":"page","link":"https:\/\/www.lgbti-label.ch\/fr\/swiss-lgbti-label-le-label-de-qualit-pour-lgalit\/","title":{"rendered":"Swiss LGBTI-Label: le label de qualit&eacute; pour l&rsquo;&eacute;galit&eacute;"},"content":{"rendered":"<p>En tant que label de qualit\u00e9, le Swiss LGBTI-Label distingue les organisations engag\u00e9es en faveur de l\u2019\u00e9galit\u00e9 des personnes LGBTI au sein des entreprises. Il a en effet \u00e9t\u00e9 prouv\u00e9 que la gestion globale de la diversit\u00e9 et de l\u2019inclusion apportait des avantages \u00e9conomiques.<\/p>\n","protected":false},"excerpt":{"rendered":"<p>En tant que label de qualit\u00e9, le Swiss LGBTI-Label distingue les organisations engag\u00e9es en faveur de l\u2019\u00e9galit\u00e9 des personnes LGBTI au sein des entreprises. Il a en effet \u00e9t\u00e9 prouv\u00e9 que la gestion globale de la diversit\u00e9 et de l\u2019inclusion apportait des avantages \u00e9conomiques.<\/p>\n","protected":false},"author":1,"featured_media":2372,"parent":0,"menu_order":9,"comment_status":"closed","ping_status":"closed","template":"","meta":{"_acf_changed":false,"footnotes":""},"class_list":["post-2475","page","type-page","status-publish","has-post-thumbnail","hentry"],"acf":[],"yoast_head":"\n<title>Label de qualit\u00e9 | Gestion de la diversit\u00e9 et de l\u2019inclusion - % % sitename%%<\/title>\n<meta name=\"description\" content=\"Le Swiss LGBTI-Label est un label de qualit\u00e9 pour les organisations qui \u0153uvrent pour l\u2019\u00e9galit\u00e9 des personnes LGBTI au sein des entreprises.\" \/>\n<meta name=\"robots\" content=\"index, follow, max-snippet:-1, max-image-preview:large, max-video-preview:-1\" \/>\n<link rel=\"canonical\" href=\"https:\/\/www.lgbti-label.ch\/fr\/swiss-lgbti-label-le-label-de-qualit-pour-lgalit\/\" \/>\n<meta property=\"og:locale\" content=\"fr_FR\" \/>\n<meta property=\"og:type\" content=\"article\" \/>\n<meta property=\"og:title\" content=\"Label de qualit\u00e9 | Gestion de la diversit\u00e9 et de l\u2019inclusion - % % sitename%%\" \/>\n<meta property=\"og:description\" content=\"Le Swiss LGBTI-Label est un label de qualit\u00e9 pour les organisations qui \u0153uvrent pour l\u2019\u00e9galit\u00e9 des personnes LGBTI au sein des entreprises.\" \/>\n<meta property=\"og:url\" content=\"https:\/\/www.lgbti-label.ch\/fr\/swiss-lgbti-label-le-label-de-qualit-pour-lgalit\/\" \/>\n<meta property=\"og:site_name\" content=\"Swiss LGBTI-Label\" \/>\n<meta property=\"article:modified_time\" content=\"2025-10-28T07:56:18+00:00\" \/>\n<meta property=\"og:image\" content=\"https:\/\/www.lgbti-label.ch\/wp-content\/uploads\/2021\/03\/istock-508919754.jpg\" \/>\n\t<meta property=\"og:image:width\" content=\"1920\" \/>\n\t<meta property=\"og:image:height\" content=\"1280\" \/>\n\t<meta property=\"og:image:type\" content=\"image\/jpeg\" \/>\n<meta name=\"twitter:card\" content=\"summary_large_image\" \/>\n<meta name=\"twitter:label1\" content=\"Dur\u00e9e de lecture estim\u00e9e\" \/>\n\t<meta name=\"twitter:data1\" content=\"1 minute\" \/>\n","yoast_head_json":{"title":"Label de qualit\u00e9 | Gestion de la diversit\u00e9 et de l\u2019inclusion - % % sitename%%","description":"Le Swiss LGBTI-Label est un label de qualit\u00e9 pour les organisations qui \u0153uvrent pour l\u2019\u00e9galit\u00e9 des personnes LGBTI au sein des entreprises.","robots":{"index":"index","follow":"follow","max-snippet":"max-snippet:-1","max-image-preview":"max-image-preview:large","max-video-preview":"max-video-preview:-1"},"canonical":"https:\/\/www.lgbti-label.ch\/fr\/swiss-lgbti-label-le-label-de-qualit-pour-lgalit\/","og_locale":"fr_FR","og_type":"article","og_title":"Label de qualit\u00e9 | Gestion de la diversit\u00e9 et de l\u2019inclusion - % % sitename%%","og_description":"Le Swiss LGBTI-Label est un label de qualit\u00e9 pour les organisations qui \u0153uvrent pour l\u2019\u00e9galit\u00e9 des personnes LGBTI au sein des entreprises.","og_url":"https:\/\/www.lgbti-label.ch\/fr\/swiss-lgbti-label-le-label-de-qualit-pour-lgalit\/","og_site_name":"Swiss LGBTI-Label","article_modified_time":"2025-10-28T07:56:18+00:00","og_image":[{"width":1920,"height":1280,"url":"https:\/\/www.lgbti-label.ch\/wp-content\/uploads\/2021\/03\/istock-508919754.jpg","type":"image\/jpeg"}],"twitter_card":"summary_large_image","twitter_misc":{"Dur\u00e9e de lecture estim\u00e9e":"1 minute"},"schema":{"@context":"https:\/\/schema.org","@graph":[{"@type":"WebPage","@id":"https:\/\/www.lgbti-label.ch\/fr\/swiss-lgbti-label-le-label-de-qualit-pour-lgalit\/","url":"https:\/\/www.lgbti-label.ch\/fr\/swiss-lgbti-label-le-label-de-qualit-pour-lgalit\/","name":"Label de qualit\u00e9 | Gestion de la diversit\u00e9 et de l\u2019inclusion - % % sitename%%","isPartOf":{"@id":"https:\/\/www.lgbti-label.ch\/de\/#website"},"primaryImageOfPage":{"@id":"https:\/\/www.lgbti-label.ch\/fr\/swiss-lgbti-label-le-label-de-qualit-pour-lgalit\/#primaryimage"},"image":{"@id":"https:\/\/www.lgbti-label.ch\/fr\/swiss-lgbti-label-le-label-de-qualit-pour-lgalit\/#primaryimage"},"thumbnailUrl":"https:\/\/www.lgbti-label.ch\/wp-content\/uploads\/2021\/03\/istock-508919754.jpg","datePublished":"2021-05-18T13:29:40+00:00","dateModified":"2025-10-28T07:56:18+00:00","description":"Le Swiss LGBTI-Label est un label de qualit\u00e9 pour les organisations qui \u0153uvrent pour l\u2019\u00e9galit\u00e9 des personnes LGBTI au sein des entreprises.","inLanguage":"fr-FR","potentialAction":[{"@type":"ReadAction","target":["https:\/\/www.lgbti-label.ch\/fr\/swiss-lgbti-label-le-label-de-qualit-pour-lgalit\/"]}]},{"@type":"ImageObject","inLanguage":"fr-FR","@id":"https:\/\/www.lgbti-label.ch\/fr\/swiss-lgbti-label-le-label-de-qualit-pour-lgalit\/#primaryimage","url":"https:\/\/www.lgbti-label.ch\/wp-content\/uploads\/2021\/03\/istock-508919754.jpg","contentUrl":"https:\/\/www.lgbti-label.ch\/wp-content\/uploads\/2021\/03\/istock-508919754.jpg","width":1920,"height":1280},{"@type":"WebSite","@id":"https:\/\/www.lgbti-label.ch\/de\/#website","url":"https:\/\/www.lgbti-label.ch\/de\/","name":"Swiss LGBTI-Label","description":"Wir f\u00f6rdern Diversity und Inclusion von LGBTI-Menschen am Arbeitsplatz.","potentialAction":[{"@type":"SearchAction","target":{"@type":"EntryPoint","urlTemplate":"https:\/\/www.lgbti-label.ch\/de\/?s={search_term_string}"},"query-input":{"@type":"PropertyValueSpecification","valueRequired":true,"valueName":"search_term_string"}}],"inLanguage":"fr-FR"}]}},"_links":{"self":[{"href":"https:\/\/www.lgbti-label.ch\/fr\/wp-json\/wp\/v2\/pages\/2475","targetHints":{"allow":["GET"]}}],"collection":[{"href":"https:\/\/www.lgbti-label.ch\/fr\/wp-json\/wp\/v2\/pages"}],"about":[{"href":"https:\/\/www.lgbti-label.ch\/fr\/wp-json\/wp\/v2\/types\/page"}],"author":[{"embeddable":true,"href":"https:\/\/www.lgbti-label.ch\/fr\/wp-json\/wp\/v2\/users\/1"}],"replies":[{"embeddable":true,"href":"https:\/\/www.lgbti-label.ch\/fr\/wp-json\/wp\/v2\/comments?post=2475"}],"version-history":[{"count":44,"href":"https:\/\/www.lgbti-label.ch\/fr\/wp-json\/wp\/v2\/pages\/2475\/revisions"}],"predecessor-version":[{"id":5395,"href":"https:\/\/www.lgbti-label.ch\/fr\/wp-json\/wp\/v2\/pages\/2475\/revisions\/5395"}],"wp:featuredmedia":[{"embeddable":true,"href":"https:\/\/www.lgbti-label.ch\/fr\/wp-json\/wp\/v2\/media\/2372"}],"wp:attachment":[{"href":"https:\/\/www.lgbti-label.ch\/fr\/wp-json\/wp\/v2\/media?parent=2475"}],"curies":[{"name":"wp","href":"https:\/\/api.w.org\/{rel}","templated":true}]}}