{"id":2474,"date":"2021-05-18T13:29:23","date_gmt":"2021-05-18T13:29:23","guid":{"rendered":"https:\/\/www.lgbti-label.ch\/accueil\/"},"modified":"2025-10-28T08:12:48","modified_gmt":"2025-10-28T08:12:48","slug":"accueil","status":"publish","type":"page","link":"https:\/\/www.lgbti-label.ch\/fr\/","title":{"rendered":"Accueil"},"content":{"rendered":"","protected":false},"excerpt":{"rendered":"","protected":false},"author":1,"featured_media":0,"parent":0,"menu_order":2,"comment_status":"closed","ping_status":"open","template":"","meta":{"_acf_changed":false,"footnotes":""},"class_list":["post-2474","page","type-page","status-publish","hentry"],"acf":[],"yoast_head":"\n<title>Plus de talents, plus d\u2019innovation, plus de succ\u00e8s - Swiss LGBTI-Label<\/title>\n<meta name=\"description\" content=\"Assurez-vous des avantages concurrentiels gr\u00e2ce \u00e0 une gestion globale de la diversit\u00e9 et passez au niveau sup\u00e9rieur avec le Swiss LGBTI-Label.\" \/>\n<meta name=\"robots\" content=\"index, follow, max-snippet:-1, max-image-preview:large, max-video-preview:-1\" \/>\n<link rel=\"canonical\" href=\"https:\/\/www.lgbti-label.ch\/fr\/\" \/>\n<meta property=\"og:locale\" content=\"fr_FR\" \/>\n<meta property=\"og:type\" content=\"article\" \/>\n<meta property=\"og:title\" content=\"Plus de talents, plus d\u2019innovation, plus de succ\u00e8s - Swiss LGBTI-Label\" \/>\n<meta property=\"og:description\" content=\"Assurez-vous des avantages concurrentiels gr\u00e2ce \u00e0 une gestion globale de la diversit\u00e9 et passez au niveau sup\u00e9rieur avec le Swiss LGBTI-Label.\" \/>\n<meta property=\"og:url\" content=\"https:\/\/www.lgbti-label.ch\/fr\/\" \/>\n<meta property=\"og:site_name\" content=\"Swiss LGBTI-Label\" \/>\n<meta property=\"article:modified_time\" content=\"2025-10-28T08:12:48+00:00\" \/>\n<meta name=\"twitter:card\" content=\"summary_large_image\" \/>\n","yoast_head_json":{"title":"Plus de talents, plus d\u2019innovation, plus de succ\u00e8s - Swiss LGBTI-Label","description":"Assurez-vous des avantages concurrentiels gr\u00e2ce \u00e0 une gestion globale de la diversit\u00e9 et passez au niveau sup\u00e9rieur avec le Swiss LGBTI-Label.","robots":{"index":"index","follow":"follow","max-snippet":"max-snippet:-1","max-image-preview":"max-image-preview:large","max-video-preview":"max-video-preview:-1"},"canonical":"https:\/\/www.lgbti-label.ch\/fr\/","og_locale":"fr_FR","og_type":"article","og_title":"Plus de talents, plus d\u2019innovation, plus de succ\u00e8s - Swiss LGBTI-Label","og_description":"Assurez-vous des avantages concurrentiels gr\u00e2ce \u00e0 une gestion globale de la diversit\u00e9 et passez au niveau sup\u00e9rieur avec le Swiss LGBTI-Label.","og_url":"https:\/\/www.lgbti-label.ch\/fr\/","og_site_name":"Swiss LGBTI-Label","article_modified_time":"2025-10-28T08:12:48+00:00","twitter_card":"summary_large_image","schema":{"@context":"https:\/\/schema.org","@graph":[{"@type":"WebPage","@id":"https:\/\/www.lgbti-label.ch\/fr\/","url":"https:\/\/www.lgbti-label.ch\/fr\/","name":"Plus de talents, plus d\u2019innovation, plus de succ\u00e8s - Swiss LGBTI-Label","isPartOf":{"@id":"https:\/\/www.lgbti-label.ch\/de\/#website"},"datePublished":"2021-05-18T13:29:23+00:00","dateModified":"2025-10-28T08:12:48+00:00","description":"Assurez-vous des avantages concurrentiels gr\u00e2ce \u00e0 une gestion globale de la diversit\u00e9 et passez au niveau sup\u00e9rieur avec le Swiss LGBTI-Label.","inLanguage":"fr-FR","potentialAction":[{"@type":"ReadAction","target":["https:\/\/www.lgbti-label.ch\/fr\/"]}]},{"@type":"WebSite","@id":"https:\/\/www.lgbti-label.ch\/de\/#website","url":"https:\/\/www.lgbti-label.ch\/de\/","name":"Swiss LGBTI-Label","description":"Wir f\u00f6rdern Diversity und Inclusion von LGBTI-Menschen am Arbeitsplatz.","potentialAction":[{"@type":"SearchAction","target":{"@type":"EntryPoint","urlTemplate":"https:\/\/www.lgbti-label.ch\/de\/?s={search_term_string}"},"query-input":{"@type":"PropertyValueSpecification","valueRequired":true,"valueName":"search_term_string"}}],"inLanguage":"fr-FR"}]}},"_links":{"self":[{"href":"https:\/\/www.lgbti-label.ch\/fr\/wp-json\/wp\/v2\/pages\/2474","targetHints":{"allow":["GET"]}}],"collection":[{"href":"https:\/\/www.lgbti-label.ch\/fr\/wp-json\/wp\/v2\/pages"}],"about":[{"href":"https:\/\/www.lgbti-label.ch\/fr\/wp-json\/wp\/v2\/types\/page"}],"author":[{"embeddable":true,"href":"https:\/\/www.lgbti-label.ch\/fr\/wp-json\/wp\/v2\/users\/1"}],"replies":[{"embeddable":true,"href":"https:\/\/www.lgbti-label.ch\/fr\/wp-json\/wp\/v2\/comments?post=2474"}],"version-history":[{"count":51,"href":"https:\/\/www.lgbti-label.ch\/fr\/wp-json\/wp\/v2\/pages\/2474\/revisions"}],"predecessor-version":[{"id":5402,"href":"https:\/\/www.lgbti-label.ch\/fr\/wp-json\/wp\/v2\/pages\/2474\/revisions\/5402"}],"wp:attachment":[{"href":"https:\/\/www.lgbti-label.ch\/fr\/wp-json\/wp\/v2\/media?parent=2474"}],"curies":[{"name":"wp","href":"https:\/\/api.w.org\/{rel}","templated":true}]}}