{"id":3856,"date":"2021-01-14T11:08:12","date_gmt":"2021-01-14T11:08:12","guid":{"rendered":"https:\/\/www.lgbti-label.ch\/ueber-das-swiss-lgbti-label\/"},"modified":"2026-03-17T20:50:48","modified_gmt":"2026-03-17T20:50:48","slug":"about-the-swiss-lgbti-label","status":"publish","type":"page","link":"https:\/\/www.lgbti-label.ch\/en\/about-the-swiss-lgbti-label\/","title":{"rendered":"About the Swiss LGBTI label"},"content":{"rendered":"<p id=\"tw-target-text\">The Swiss LGBTI label is a non-profit organization that emerged from the two business networks WyberNet and Network. The label was co-developed by the umbrella organizations of TGNS, LOS and Rainbow Families.<\/p>\n<h2 class=\"wp-block-heading mb-4\">Swiss LGBTI label organizational chart<\/h2>\n<figure class=\"wp-block-image size-large\"><img loading=\"lazy\" decoding=\"async\" width=\"1024\" height=\"1024\" class=\"wp-image-3935\" src=\"https:\/\/www.lgbti-label.ch\/wp-content\/uploads\/2023\/06\/graph3-en-1024x1024.png\" alt=\"\" srcset=\"https:\/\/www.lgbti-label.ch\/wp-content\/uploads\/2023\/06\/graph3-en-1024x1024.png 1024w, https:\/\/www.lgbti-label.ch\/wp-content\/uploads\/2023\/06\/graph3-en-300x300.png 300w, https:\/\/www.lgbti-label.ch\/wp-content\/uploads\/2023\/06\/graph3-en-150x150.png 150w, https:\/\/www.lgbti-label.ch\/wp-content\/uploads\/2023\/06\/graph3-en-768x768.png 768w, https:\/\/www.lgbti-label.ch\/wp-content\/uploads\/2023\/06\/graph3-en-1536x1536.png 1536w, https:\/\/www.lgbti-label.ch\/wp-content\/uploads\/2023\/06\/graph3-en-400x400.png 400w, https:\/\/www.lgbti-label.ch\/wp-content\/uploads\/2023\/06\/graph3-en-800x800.png 800w, https:\/\/www.lgbti-label.ch\/wp-content\/uploads\/2023\/06\/graph3-en-1200x1200.png 1200w, https:\/\/www.lgbti-label.ch\/wp-content\/uploads\/2023\/06\/graph3-en.png 2048w\" sizes=\"auto, (max-width: 1024px) 100vw, 1024px\" \/><\/figure>\n","protected":false},"excerpt":{"rendered":"<p>The Swiss LGBTI label is a non-profit organization that emerged from the two business networks WyberNet and Network. The label was co-developed by the umbrella organizations of TGNS, LOS and Rainbow Families. Swiss LGBTI label organizational chart<\/p>\n","protected":false},"author":1,"featured_media":5490,"parent":0,"menu_order":30,"comment_status":"closed","ping_status":"closed","template":"","meta":{"_acf_changed":false,"footnotes":""},"class_list":["post-3856","page","type-page","status-publish","has-post-thumbnail","hentry"],"acf":[],"yoast_head":"\n<title>\u00dcber uns - Swiss LGBTI-Label<\/title>\n<meta name=\"description\" content=\"Das Swiss LGBTI-Label ist ein Qualit\u00e4tssiegel f\u00fcr ein ganzheitliches Diversity &amp; Inclusion Management. Erfahren Sie mehr \u00fcber uns.\" \/>\n<meta name=\"robots\" content=\"index, follow, max-snippet:-1, max-image-preview:large, max-video-preview:-1\" \/>\n<link rel=\"canonical\" href=\"https:\/\/www.lgbti-label.ch\/en\/about-the-swiss-lgbti-label\/\" \/>\n<meta property=\"og:locale\" content=\"en_US\" \/>\n<meta property=\"og:type\" content=\"article\" \/>\n<meta property=\"og:title\" content=\"\u00dcber uns - Swiss LGBTI-Label\" \/>\n<meta property=\"og:description\" content=\"Das Swiss LGBTI-Label ist ein Qualit\u00e4tssiegel f\u00fcr ein ganzheitliches Diversity &amp; Inclusion Management. Erfahren Sie mehr \u00fcber uns.\" \/>\n<meta property=\"og:url\" content=\"https:\/\/www.lgbti-label.ch\/en\/about-the-swiss-lgbti-label\/\" \/>\n<meta property=\"og:site_name\" content=\"Swiss LGBTI-Label\" \/>\n<meta property=\"article:modified_time\" content=\"2026-03-17T20:50:48+00:00\" \/>\n<meta property=\"og:image\" content=\"https:\/\/www.lgbti-label.ch\/wp-content\/uploads\/2026\/01\/lgbti-label25-h1-00495-scaled.jpg\" \/>\n\t<meta property=\"og:image:width\" content=\"2560\" \/>\n\t<meta property=\"og:image:height\" content=\"1707\" \/>\n\t<meta property=\"og:image:type\" content=\"image\/jpeg\" \/>\n<meta name=\"twitter:card\" content=\"summary_large_image\" \/>\n<meta name=\"twitter:label1\" content=\"Est. reading time\" \/>\n\t<meta name=\"twitter:data1\" content=\"1 minute\" \/>\n","yoast_head_json":{"title":"\u00dcber uns - Swiss LGBTI-Label","description":"Das Swiss LGBTI-Label ist ein Qualit\u00e4tssiegel f\u00fcr ein ganzheitliches Diversity & Inclusion Management. Erfahren Sie mehr \u00fcber uns.","robots":{"index":"index","follow":"follow","max-snippet":"max-snippet:-1","max-image-preview":"max-image-preview:large","max-video-preview":"max-video-preview:-1"},"canonical":"https:\/\/www.lgbti-label.ch\/en\/about-the-swiss-lgbti-label\/","og_locale":"en_US","og_type":"article","og_title":"\u00dcber uns - Swiss LGBTI-Label","og_description":"Das Swiss LGBTI-Label ist ein Qualit\u00e4tssiegel f\u00fcr ein ganzheitliches Diversity & Inclusion Management. Erfahren Sie mehr \u00fcber uns.","og_url":"https:\/\/www.lgbti-label.ch\/en\/about-the-swiss-lgbti-label\/","og_site_name":"Swiss LGBTI-Label","article_modified_time":"2026-03-17T20:50:48+00:00","og_image":[{"width":2560,"height":1707,"url":"https:\/\/www.lgbti-label.ch\/wp-content\/uploads\/2026\/01\/lgbti-label25-h1-00495-scaled.jpg","type":"image\/jpeg"}],"twitter_card":"summary_large_image","twitter_misc":{"Est. reading time":"1 minute"},"schema":{"@context":"https:\/\/schema.org","@graph":[{"@type":"WebPage","@id":"https:\/\/www.lgbti-label.ch\/en\/about-the-swiss-lgbti-label\/","url":"https:\/\/www.lgbti-label.ch\/en\/about-the-swiss-lgbti-label\/","name":"\u00dcber uns - Swiss LGBTI-Label","isPartOf":{"@id":"https:\/\/www.lgbti-label.ch\/de\/#website"},"primaryImageOfPage":{"@id":"https:\/\/www.lgbti-label.ch\/en\/about-the-swiss-lgbti-label\/#primaryimage"},"image":{"@id":"https:\/\/www.lgbti-label.ch\/en\/about-the-swiss-lgbti-label\/#primaryimage"},"thumbnailUrl":"https:\/\/www.lgbti-label.ch\/wp-content\/uploads\/2026\/01\/lgbti-label25-h1-00495-scaled.jpg","datePublished":"2021-01-14T11:08:12+00:00","dateModified":"2026-03-17T20:50:48+00:00","description":"Das Swiss LGBTI-Label ist ein Qualit\u00e4tssiegel f\u00fcr ein ganzheitliches Diversity & Inclusion Management. Erfahren Sie mehr \u00fcber uns.","inLanguage":"en-US","potentialAction":[{"@type":"ReadAction","target":["https:\/\/www.lgbti-label.ch\/en\/about-the-swiss-lgbti-label\/"]}]},{"@type":"ImageObject","inLanguage":"en-US","@id":"https:\/\/www.lgbti-label.ch\/en\/about-the-swiss-lgbti-label\/#primaryimage","url":"https:\/\/www.lgbti-label.ch\/wp-content\/uploads\/2026\/01\/lgbti-label25-h1-00495-scaled.jpg","contentUrl":"https:\/\/www.lgbti-label.ch\/wp-content\/uploads\/2026\/01\/lgbti-label25-h1-00495-scaled.jpg","width":2560,"height":1707},{"@type":"WebSite","@id":"https:\/\/www.lgbti-label.ch\/de\/#website","url":"https:\/\/www.lgbti-label.ch\/de\/","name":"Swiss LGBTI-Label","description":"Wir f\u00f6rdern Diversity und Inclusion von LGBTI-Menschen am Arbeitsplatz.","potentialAction":[{"@type":"SearchAction","target":{"@type":"EntryPoint","urlTemplate":"https:\/\/www.lgbti-label.ch\/de\/?s={search_term_string}"},"query-input":{"@type":"PropertyValueSpecification","valueRequired":true,"valueName":"search_term_string"}}],"inLanguage":"en-US"}]}},"_links":{"self":[{"href":"https:\/\/www.lgbti-label.ch\/en\/wp-json\/wp\/v2\/pages\/3856","targetHints":{"allow":["GET"]}}],"collection":[{"href":"https:\/\/www.lgbti-label.ch\/en\/wp-json\/wp\/v2\/pages"}],"about":[{"href":"https:\/\/www.lgbti-label.ch\/en\/wp-json\/wp\/v2\/types\/page"}],"author":[{"embeddable":true,"href":"https:\/\/www.lgbti-label.ch\/en\/wp-json\/wp\/v2\/users\/1"}],"replies":[{"embeddable":true,"href":"https:\/\/www.lgbti-label.ch\/en\/wp-json\/wp\/v2\/comments?post=3856"}],"version-history":[{"count":42,"href":"https:\/\/www.lgbti-label.ch\/en\/wp-json\/wp\/v2\/pages\/3856\/revisions"}],"predecessor-version":[{"id":5684,"href":"https:\/\/www.lgbti-label.ch\/en\/wp-json\/wp\/v2\/pages\/3856\/revisions\/5684"}],"wp:featuredmedia":[{"embeddable":true,"href":"https:\/\/www.lgbti-label.ch\/en\/wp-json\/wp\/v2\/media\/5490"}],"wp:attachment":[{"href":"https:\/\/www.lgbti-label.ch\/en\/wp-json\/wp\/v2\/media?parent=3856"}],"curies":[{"name":"wp","href":"https:\/\/api.w.org\/{rel}","templated":true}]}}