{"id":3848,"date":"2021-01-14T11:06:16","date_gmt":"2021-01-14T11:06:16","guid":{"rendered":"https:\/\/www.lgbti-label.ch\/fuer-wen\/"},"modified":"2023-04-14T13:32:45","modified_gmt":"2023-04-14T13:32:45","slug":"reinforce-your-employer-branding-thanks-to-the-swiss-lgbti-label","status":"publish","type":"page","link":"https:\/\/www.lgbti-label.ch\/en\/reinforce-your-employer-branding-thanks-to-the-swiss-lgbti-label\/","title":{"rendered":"Reinforce your employer branding thanks to the Swiss LGBTI label"},"content":{"rendered":"\n<p><br>The &#8220;Swiss LGBTI label&#8221; best practice standard distinguishes organizations that rely on holistic Diversity and Inclusion Management, regardless of the size of the organization. Discover here how to obtain the Swiss LGBTI label.<\/p>\n","protected":false},"excerpt":{"rendered":"<p>The &#8220;Swiss LGBTI label&#8221; best practice standard distinguishes organizations that rely on holistic Diversity and Inclusion Management, regardless of the size of the organization. Discover here how to obtain the Swiss LGBTI label.<\/p>\n","protected":false},"author":1,"featured_media":3515,"parent":0,"menu_order":11,"comment_status":"closed","ping_status":"closed","template":"page-list-sub-pages.php","meta":{"_acf_changed":false,"footnotes":""},"class_list":["post-3848","page","type-page","status-publish","has-post-thumbnail","hentry"],"acf":[],"yoast_head":"\n<title>Employer Branding st\u00e4rken und Qualit\u00e4tssiegel beantragen - Swiss LGBTI-Label<\/title>\n<meta name=\"description\" content=\"Mit dem Swiss LGBTI-Label st\u00e4rken Sie Ihr Employer Branding. Beantragen Sie hier das Qualit\u00e4tssiegel f\u00fcr Diversity &amp; Inclusion Management.\" \/>\n<meta name=\"robots\" content=\"index, follow, max-snippet:-1, max-image-preview:large, max-video-preview:-1\" \/>\n<link rel=\"canonical\" href=\"https:\/\/www.lgbti-label.ch\/en\/reinforce-your-employer-branding-thanks-to-the-swiss-lgbti-label\/\" \/>\n<meta property=\"og:locale\" content=\"en_US\" \/>\n<meta property=\"og:type\" content=\"article\" \/>\n<meta property=\"og:title\" content=\"Employer Branding st\u00e4rken und Qualit\u00e4tssiegel beantragen - Swiss LGBTI-Label\" \/>\n<meta property=\"og:description\" content=\"Mit dem Swiss LGBTI-Label st\u00e4rken Sie Ihr Employer Branding. Beantragen Sie hier das Qualit\u00e4tssiegel f\u00fcr Diversity &amp; Inclusion Management.\" \/>\n<meta property=\"og:url\" content=\"https:\/\/www.lgbti-label.ch\/en\/reinforce-your-employer-branding-thanks-to-the-swiss-lgbti-label\/\" \/>\n<meta property=\"og:site_name\" content=\"Swiss LGBTI-Label\" \/>\n<meta property=\"article:modified_time\" content=\"2023-04-14T13:32:45+00:00\" \/>\n<meta property=\"og:image\" content=\"https:\/\/www.lgbti-label.ch\/wp-content\/uploads\/2021\/03\/istock-1197639424.jpg\" \/>\n\t<meta property=\"og:image:width\" content=\"1920\" \/>\n\t<meta property=\"og:image:height\" content=\"1204\" \/>\n\t<meta property=\"og:image:type\" content=\"image\/jpeg\" \/>\n<meta name=\"twitter:card\" content=\"summary_large_image\" \/>\n<meta name=\"twitter:label1\" content=\"Est. reading time\" \/>\n\t<meta name=\"twitter:data1\" content=\"1 minute\" \/>\n","yoast_head_json":{"title":"Employer Branding st\u00e4rken und Qualit\u00e4tssiegel beantragen - Swiss LGBTI-Label","description":"Mit dem Swiss LGBTI-Label st\u00e4rken Sie Ihr Employer Branding. Beantragen Sie hier das Qualit\u00e4tssiegel f\u00fcr Diversity & Inclusion Management.","robots":{"index":"index","follow":"follow","max-snippet":"max-snippet:-1","max-image-preview":"max-image-preview:large","max-video-preview":"max-video-preview:-1"},"canonical":"https:\/\/www.lgbti-label.ch\/en\/reinforce-your-employer-branding-thanks-to-the-swiss-lgbti-label\/","og_locale":"en_US","og_type":"article","og_title":"Employer Branding st\u00e4rken und Qualit\u00e4tssiegel beantragen - Swiss LGBTI-Label","og_description":"Mit dem Swiss LGBTI-Label st\u00e4rken Sie Ihr Employer Branding. Beantragen Sie hier das Qualit\u00e4tssiegel f\u00fcr Diversity & Inclusion Management.","og_url":"https:\/\/www.lgbti-label.ch\/en\/reinforce-your-employer-branding-thanks-to-the-swiss-lgbti-label\/","og_site_name":"Swiss LGBTI-Label","article_modified_time":"2023-04-14T13:32:45+00:00","og_image":[{"width":1920,"height":1204,"url":"https:\/\/www.lgbti-label.ch\/wp-content\/uploads\/2021\/03\/istock-1197639424.jpg","type":"image\/jpeg"}],"twitter_card":"summary_large_image","twitter_misc":{"Est. reading time":"1 minute"},"schema":{"@context":"https:\/\/schema.org","@graph":[{"@type":"WebPage","@id":"https:\/\/www.lgbti-label.ch\/en\/reinforce-your-employer-branding-thanks-to-the-swiss-lgbti-label\/","url":"https:\/\/www.lgbti-label.ch\/en\/reinforce-your-employer-branding-thanks-to-the-swiss-lgbti-label\/","name":"Employer Branding st\u00e4rken und Qualit\u00e4tssiegel beantragen - Swiss LGBTI-Label","isPartOf":{"@id":"https:\/\/www.lgbti-label.ch\/de\/#website"},"primaryImageOfPage":{"@id":"https:\/\/www.lgbti-label.ch\/en\/reinforce-your-employer-branding-thanks-to-the-swiss-lgbti-label\/#primaryimage"},"image":{"@id":"https:\/\/www.lgbti-label.ch\/en\/reinforce-your-employer-branding-thanks-to-the-swiss-lgbti-label\/#primaryimage"},"thumbnailUrl":"https:\/\/www.lgbti-label.ch\/wp-content\/uploads\/2021\/03\/istock-1197639424.jpg","datePublished":"2021-01-14T11:06:16+00:00","dateModified":"2023-04-14T13:32:45+00:00","description":"Mit dem Swiss LGBTI-Label st\u00e4rken Sie Ihr Employer Branding. Beantragen Sie hier das Qualit\u00e4tssiegel f\u00fcr Diversity & Inclusion Management.","inLanguage":"en-US","potentialAction":[{"@type":"ReadAction","target":["https:\/\/www.lgbti-label.ch\/en\/reinforce-your-employer-branding-thanks-to-the-swiss-lgbti-label\/"]}]},{"@type":"ImageObject","inLanguage":"en-US","@id":"https:\/\/www.lgbti-label.ch\/en\/reinforce-your-employer-branding-thanks-to-the-swiss-lgbti-label\/#primaryimage","url":"https:\/\/www.lgbti-label.ch\/wp-content\/uploads\/2021\/03\/istock-1197639424.jpg","contentUrl":"https:\/\/www.lgbti-label.ch\/wp-content\/uploads\/2021\/03\/istock-1197639424.jpg","width":1920,"height":1204},{"@type":"WebSite","@id":"https:\/\/www.lgbti-label.ch\/de\/#website","url":"https:\/\/www.lgbti-label.ch\/de\/","name":"Swiss LGBTI-Label","description":"Wir f\u00f6rdern Diversity und Inclusion von LGBTI-Menschen am Arbeitsplatz.","potentialAction":[{"@type":"SearchAction","target":{"@type":"EntryPoint","urlTemplate":"https:\/\/www.lgbti-label.ch\/de\/?s={search_term_string}"},"query-input":{"@type":"PropertyValueSpecification","valueRequired":true,"valueName":"search_term_string"}}],"inLanguage":"en-US"}]}},"_links":{"self":[{"href":"https:\/\/www.lgbti-label.ch\/en\/wp-json\/wp\/v2\/pages\/3848","targetHints":{"allow":["GET"]}}],"collection":[{"href":"https:\/\/www.lgbti-label.ch\/en\/wp-json\/wp\/v2\/pages"}],"about":[{"href":"https:\/\/www.lgbti-label.ch\/en\/wp-json\/wp\/v2\/types\/page"}],"author":[{"embeddable":true,"href":"https:\/\/www.lgbti-label.ch\/en\/wp-json\/wp\/v2\/users\/1"}],"replies":[{"embeddable":true,"href":"https:\/\/www.lgbti-label.ch\/en\/wp-json\/wp\/v2\/comments?post=3848"}],"version-history":[{"count":2,"href":"https:\/\/www.lgbti-label.ch\/en\/wp-json\/wp\/v2\/pages\/3848\/revisions"}],"predecessor-version":[{"id":3889,"href":"https:\/\/www.lgbti-label.ch\/en\/wp-json\/wp\/v2\/pages\/3848\/revisions\/3889"}],"wp:featuredmedia":[{"embeddable":true,"href":"https:\/\/www.lgbti-label.ch\/en\/wp-json\/wp\/v2\/media\/3515"}],"wp:attachment":[{"href":"https:\/\/www.lgbti-label.ch\/en\/wp-json\/wp\/v2\/media?parent=3848"}],"curies":[{"name":"wp","href":"https:\/\/api.w.org\/{rel}","templated":true}]}}