{"id":2026,"date":"2021-01-07T11:15:52","date_gmt":"2021-01-07T11:15:52","guid":{"rendered":"https:\/\/www.lgbti-label.ch\/?page_id=145"},"modified":"2023-10-25T07:43:01","modified_gmt":"2023-10-25T07:43:01","slug":"datenschutzerklaerung","status":"publish","type":"page","link":"https:\/\/www.lgbti-label.ch\/de\/datenschutzerklaerung\/","title":{"rendered":"Datenschutzerkl\u00e4rung"},"content":{"rendered":"\n<p>Der Verein Swiss LGBTI-Label legt grossen Wert auf den Schutz Ihrer Daten und Ihrer Privatsph\u00e4re. Aus diesem Grund informieren wir Nutzerinnen und Nutzer unseres Internetangebotes \u00fcber die Art der gespeicherten Daten und deren Verwendung.<\/p>\n\n\n\n<p>Diese Datenschutzerkl\u00e4rung (Privacy Policy) gilt nur f\u00fcr die Website <a href=\"https:\/\/www.lgbti-label.ch\">https:\/\/www.lgbti-label.ch<\/a> sowie f\u00fcr s\u00e4mtliche Daten der mit unserem Label ausgezeichneten Unternehmen. F\u00fcr die Server und Websites, zu denen externe Links f\u00fchren, gelten m\u00f6glicherweise andere Datenschutzbestimmungen.<\/p>\n\n\n\n<p><strong>Erhebung, Speicherung und Nutzung von Daten<\/strong><\/p>\n\n\n\n<p>Jede Person, die Informationen \u00fcber die Aktivit\u00e4ten des Vereins Swiss LGBTI-Label anfordert, einen Newsletter abonniert, ein Formular ausf\u00fcllt oder an einem Anlass teilnimmt, \u00fcbermittelt eine bestimmte Anzahl personenbezogener Daten. Diese Daten werden elektronisch gespeichert und nur vom Verein bzw. von den dazu autorisierten Personen sowie zu den angegebenen Zwecken verwendet. Die erhobenen Daten werden mit der Adressdatei des Vereins abgeglichen. In keinem Fall werden diese Informationen im Sinne von Artikel 13 der Bundesverfassung der Schweizerischen Eidgenossenschaft sowie dem Datenschutzgesetz DSG und der Datenschutzverordnung DSV an Dritte verkauft oder vermietet. Alle Dienstleister des Vereins Swiss LGBTI-Label unterliegen denselben Datenschutzrichtlinien.<\/p>\n\n\n\n<p>Mailkorrespondenz, Data-at-Rest f\u00fcr die Inhalte der Berner Fachhochschule sowie Buchhaltungsdaten laufen \u00fcber Server in der Schweiz. Die Daten zu den Unternehmen wie Adresse und Kontaktperson werden bei Filehosting Diensten auf Server in den USA gespeichert.<\/p>\n\n\n\n<p><strong>Website<\/strong><\/p>\n\n\n\n<p>Bei jedem Zugriff eines Benutzers auf eine Seite der Website <a href=\"https:\/\/www.lgbti-label.ch\">https:\/\/www.lgbti-label.ch<\/a> und bei jedem Zugriff auf eine Datei werden Daten zu diesen Aktivit\u00e4ten in einer Protokolldatei aufgezeichnet. Abh\u00e4ngig vom verwendeten Zugriffsprotokoll enth\u00e4lt der Protokolldatensatz Daten, die folgendes enthalten k\u00f6nnen:<\/p>\n\n\n\n<ul class=\"wp-block-list\">\n<li>IP-Adresse des anfragenden Rechners<\/li>\n\n\n\n<li>Name der angeforderten Datei<\/li>\n\n\n\n<li>Datum und Uhrzeit der Anfrage<\/li>\n\n\n\n<li>Vom anfragenden Rechner gew\u00fcnschte Zugriffsmethoden\/Funktionen<\/li>\n\n\n\n<li>Zugriffsstatus des Internetservers (Datei \u00fcbertragen, Datei nicht gefunden, Befehl nicht ausgef\u00fchrt usw.)<\/li>\n\n\n\n<li>URL, von der aus die Datei angefordert\/die gew\u00fcnschte Funktion bestellt wurde<\/li>\n\n\n\n<li>Betriebssystem und Browsertyp bzw. Browsereinstellungen<br><\/li>\n<\/ul>\n\n\n\n<p>Wir haben keine M\u00f6glichkeit, die IP-Adresse mit eventuell vorhandenen personenbezogenen Daten in Verbindung zu bringen. Die gespeicherten Dateien dienen ausschliesslich der Identifizierung und Nachverfolgung von Zugriffsanfragen und unberechtigten Zugriffen auf den Internetserver sowie statistischen Sch\u00e4tzungen wie der Besucherzahl oder der Beliebtheit einer Seite. Diese Arbeiten werden nur von dazu autorisierten Mitarbeitenden durchgef\u00fchrt.<\/p>\n\n\n\n<p><strong>Verwendung von Cookies<\/strong><\/p>\n\n\n\n<p>Wir verwenden \u201eCookies\u201c, wenn Sie unsere Websites besuchen. Hierbei handelt es sich um kleine Textdateien, die auf Ihrem Computer gespeichert werden. Um Ihnen einen optimalen Service zu bieten, verwenden wir sowohl \u201epermanente Cookies\u201c als auch \u201etempor\u00e4re Cookies\u201c.<\/p>\n\n\n\n<p>Die in den permanenten Cookies gespeicherten Dateien dienen dazu, Ihnen bei Ihren n\u00e4chsten Besuchen eine m\u00f6glichst benutzerfreundliche Nutzung unserer Webseite zu erm\u00f6glichen und werden von uns nur zu diesem Zweck verwendet. Wenn Sie keine dauerhaften Cookies zulassen m\u00f6chten, k\u00f6nnen Sie diese in Ihrem Browser deaktivieren (Details zu diesem Vorgang finden Sie in der Men\u00fcleiste Ihres Browsers unter der Rubrik \u201eHilfe\u201c).<\/p>\n\n\n\n<p>Die in tempor\u00e4ren Cookies gespeicherten Daten gelten nur f\u00fcr Ihren aktuellen Besuch auf unserer Webseite und sollen eine uneingeschr\u00e4nkte Nutzung unserer Dienste sowie eine m\u00f6glichst benutzerfreundliche Nutzung unserer Website f\u00fcr den aktuellen Besuch unserer Seite erm\u00f6glichen.<\/p>\n\n\n\n<p>Wenn Sie keine tempor\u00e4ren Cookies zulassen m\u00f6chten, k\u00f6nnen Sie diese in Ihrem Browser deaktivieren (Einzelheiten zu diesem Vorgang finden Sie in der Men\u00fcleiste Ihres Browsers unter dem Reiter \u201eHilfe\u201c). Wenn Sie tempor\u00e4re Cookies deaktivieren, k\u00f6nnen wir Ihnen nicht die uneingeschr\u00e4nkte Nutzung aller unserer Dienste garantieren.<\/p>\n\n\n\n<p><strong>Daten\u00fcbertragungssicherheit<\/strong><\/p>\n\n\n\n<p>Die personenbezogenen Daten, die Sie uns mit \u00fcbersandten Formularen zur Verf\u00fcgung stellen, werden sicher und verschl\u00fcsselt an uns \u00fcbermittelt. Das verwendete sichere Verfahren (SSL-Protokoll, Secure Sockets Layer) entspricht dem neuesten Stand der Technik.<\/p>\n\n\n\n<p>Alle Mitarbeitenden des Vereins Swiss LGBTI-Label, die \u00fcber Ihre Daten verf\u00fcgen, sind zur Einhaltung des Datenschutzes verpflichtet. Der Zugriff auf das System erfolgt \u00fcber ein Autorisierungsverfahren. Die SSL-Verschl\u00fcsselung (erkennbar an der Abk\u00fcrzung https:\/\/ in der Adresszeile des Browsers) ist ein Protokoll zur Verschl\u00fcsselung von Daten bei der \u00dcbertragung vom Internetserver zum Browser. Diese \u00dcbertragung bietet ein besonders hohes Mass an Sicherheit. Ihre pers\u00f6nlichen Daten werden bei der \u00dcbertragung zwischen Ihrem Computer und unserem SSL-Server durch das SSL-Protokoll verschl\u00fcsselt.<\/p>\n\n\n\n<p><strong>Haftung f\u00fcr Links<\/strong><\/p>\n\n\n\n<p>Der Verein Swiss LGBTI-Label erkl\u00e4rt hiermit ausdr\u00fccklich, dass zum Zeitpunkt der Linksetzung keine illegalen Inhalte auf den zu verlinkenden Seiten erkennbar waren. Der Verein hat keinen Einfluss auf die aktuelle oder zuk\u00fcnftige Gestaltung, den Inhalt oder die Urheberschaft der verlinkten oder verkn\u00fcpften Seiten. Deshalb distanziert er sich hiermit ausdr\u00fccklich von allen Inhalten aller verlinkten\/verkn\u00fcpften Seiten, die nach der Linksetzung ver\u00e4ndert wurden. Diese Feststellung gilt f\u00fcr alle innerhalb des eigenen Internetangebotes gesetzten Links und Verweise. F\u00fcr illegale, fehlerhafte oder unvollst\u00e4ndige Inhalte und insbesondere f\u00fcr Sch\u00e4den, die aus der Nutzung oder Nichtnutzung der auf den jeweiligen Seiten angebotenen Informationen entstehen, haftet allein der Anbieter der Seite, auf welchen verwiesen wurde, und nicht die Person, die lediglich auf diese Websites verweist.<\/p>\n\n\n\n<p><strong>Google Analytics<\/strong><\/p>\n\n\n\n<p>Diese Website nutzt Google Analytics, einen Webanalysedienst der Google Inc. (\u201eGoogle\u201c), der eine bedarfsgerechte Gestaltung von Internetangeboten erm\u00f6glicht. Der Verein Swiss LGBTI-Label erh\u00e4lt ausschliesslich Auswertungen nicht personenbezogener Daten.<\/p>\n\n\n\n<p>Google Analytics verwendet sogenannte. \u201eCookies\u201c, Textdateien, die auf Ihrem Computer gespeichert werden und die eine Analyse der Benutzung der Website durch Sie erm\u00f6glichen. Die durch das Cookie erzeugten Informationen \u00fcber Ihre Benutzung dieser Website (einschlie\u00dflich Ihrer IP-Adresse) werden an einen Server von Google in den USA \u00fcbertragen und dort gespeichert. Auf dieser Website wurde die IP-Anonymisierung aktiviert, sodass die IP-Adresse der Nutzer von Google innerhalb von Mitgliedstaaten der Europ\u00e4ischen Union oder in anderen Vertragsstaaten des Abkommens \u00fcber den Europ\u00e4ischen Wirtschaftsraum zuvor gek\u00fcrzt wird. Nur in Ausnahmef\u00e4llen wird die volle IP-Adresse an einen Server von Google in den USA \u00fcbertragen und dort gek\u00fcrzt. Im Auftrag des Betreibers dieser Website wird Google diese Informationen benutzen, um die Nutzung der Website durch den Internetnutzer auszuwerten, um Reports \u00fcber die Websiteaktivit\u00e4ten zusammenzustellen und um weitere mit der Websitenutzung verbundene Dienstleistungen zu erbringen. Auch wird Google diese Informationen gegebenenfalls an Dritte \u00fcbertragen, sofern dies gesetzlich vorgeschrieben oder soweit Dritte diese Daten im Auftrag verarbeiten. In keinem Fall wird Google Ihre IP-Adresse mit anderen Daten von Google in Verbindung bringen.<\/p>\n\n\n\n<p>Sie k\u00f6nnen die Installation der Cookies durch eine entsprechende Einstellung Ihrer Browser-Software verhindern. Wir weisen Sie jedoch darauf hin, dass Sie in diesem Fall gegebenenfalls nicht s\u00e4mtliche Funktionen dieser Website vollumf\u00e4nglich nutzen k\u00f6nnen. Durch die Nutzung dieser Website erkl\u00e4ren Sie sich mit der Bearbeitung der \u00fcber Sie erhobenen Daten durch Google in der zuvor beschriebenen Art und Weise und zu dem zuvor benannten Zweck einverstanden.<\/p>\n\n\n\n<p>Sie k\u00f6nnen dar\u00fcber hinaus die Erfassung der durch das Cookie erzeugten und auf Ihre Nutzung der Website bezogenen Daten (inklusive Ihrer IP-Adresse) an Google sowie die Verarbeitung dieser Daten durch Google verhindern, indem Sie das Browser-Add-on (Browser-Plugin) herunterladen und installieren, verf\u00fcgbar \u00fcber den Link <a href=\"http:\/\/tools.google.com\/dlpage\/gaoptout?hl=de\">http:\/\/tools.google.com\/dlpage\/gaoptout?hl=de<\/a>. N\u00e4here Informationen zu Nutzungsbedingungen und Datenschutz im Zusammenhang mit Google Analytics finden Sie unter folgenden Adressen:<\/p>\n\n\n\n<p><a href=\"http:\/\/www.google.com\/analytics\/terms\/de.htmlhttps:\/\/support.google.com\/analytics\/answer\/6004245?hl=de&amp;sjid=5544740072882514422-EU\">http:\/\/www.google.com\/analytics\/terms\/de.htmlhttps:\/\/support.google.com\/analytics\/answer\/6004245?hl=de&amp;sjid=5544740072882514422-EU<\/a><\/p>\n\n\n\n<p>Da die Nutzung des Add-ons beispielsweise f\u00fcr Smartphones nicht m\u00f6glich ist, k\u00f6nnen Sie die Erfassung durch Google Analytics auch verhindern, indem Sie diese deaktivieren. Ein Cookie verhindert die Speicherung Ihrer Daten beim n\u00e4chsten Besuch dieser Website: Google Analytics deaktivieren.<\/p>\n\n\n\n<p><strong>Conversion-Tracking von Google AdWords<\/strong><\/p>\n\n\n\n<p>Diese Website nutzt das Online-Werbeprogramm \u201eGoogle AdWords\u201c und in diesem Rahmen das Conversion-Tracking. Das Conversion-Tracking-Cookie wird gesetzt, wenn ein Nutzer auf eine von Google geschaltete Anzeige klickt. Diese Cookies verlieren nach 30 Tagen ihre G\u00fcltigkeit und dienen nicht der pers\u00f6nlichen Identifizierung. Besucht der Nutzer bestimmte Seiten dieser Website und das Cookie ist noch nicht abgelaufen, k\u00f6nnen Google und wir erkennen, dass der Nutzer auf die Anzeige geklickt hat und zu dieser Seite weitergeleitet wurde. Jedem Google AdWords-Kunden ist ein Cookie zugeordnet. Es ist daher nicht m\u00f6glich, Cookies \u00fcber mehrere AdWords-Kundenseiten hinweg nachzuverfolgen. Die mithilfe des Conversion-Cookies eingeholten Informationen dienen dazu, Conversion-Statistiken f\u00fcr AdWords-Kunden zu erstellen, die sich f\u00fcr dieses Tracking entschieden haben. Die Kunden erfahren so die Gesamtanzahl der Nutzer, die auf ihre Anzeige geklickt haben und zu einer mit einem Conversion-Tracking-Tag versehenen Seite weitergeleitet wurden. Sie erhalten jedoch keine Informationen, mit denen sich Nutzer pers\u00f6nlich identifizieren lassen. Nutzer, die nicht am Tracking teilnehmen m\u00f6chten, k\u00f6nnen das Cookie des Google Conversion-Trackings einfach \u00fcber die Nutzereinstellungen ihres Internet-Browsers deaktivieren. Diese Nutzer werden dann in den entsprechenden Statistiken nicht ber\u00fccksichtigt. N\u00e4here Informationen zu den Datenschutzbedingungen von Google finden Sie unter <a href=\"http:\/\/www.google.de\/intl\/de\/policies\/privacy\/\">http:\/\/www.google.de\/intl\/de\/policies\/privacy\/<\/a>.<\/p>\n\n\n\n<p><strong>Google reCAPTCHA<\/strong><\/p>\n\n\n\n<p>Unser Website-Betreiber nutzt \u201eGoogle reCAPTCHA\u201c (nachfolgend \u201ereCAPTCHA\u201c). Anbieter ist die Google Inc., 1600 Amphitheatre Parkway, Mountain View, CA 94043, USA (\u201eGoogle\u201c).<\/p>\n\n\n\n<p>Mit reCAPTCHA soll \u00fcberpr\u00fcft werden, ob die Dateneingabe auf unseren Webseiten (z. B. in einem Kontaktformular) durch einen Menschen oder durch ein automatisiertes Programm erfolgt. Zu diesem Zweck analysiert reCAPTCHA das Verhalten der Websitebesucher anhand verschiedener Merkmale. Diese Analyse beginnt automatisch, sobald ein Besucher eine Website aufruft. reCAPTCHA wertet verschiedene Informationen zur Analyse aus (z. B. IP-Adresse, Verweildauer auf der Website oder vom Nutzer get\u00e4tigte Mausbewegungen). Die bei der Analyse erhobenen Daten werden an Google \u00fcbermittelt.<\/p>\n\n\n\n<p>Die reCAPTCHA-Analysen finden vollst\u00e4ndig im Hintergrund statt. Website-Besucher werden nicht dar\u00fcber informiert, dass eine Analyse durchgef\u00fchrt wird.<\/p>\n\n\n\n<p>Der Websitebetreiber hat ein berechtigtes Interesse daran, diese Internetangebote vor missbr\u00e4uchlicher automatisierter Aussp\u00e4hung und vor SPAM zu sch\u00fctzen.<\/p>\n\n\n\n<p>Weitere Informationen zu Googles reCAPTCHA sowie die Datenschutzerkl\u00e4rung von Google finden Sie unter den folgenden Links <a href=\"https:\/\/www.google.com\/intl\/de\/policies\/privacy\/\">https:\/\/www.google.com\/intl\/de\/policies\/privacy\/<\/a> und <a href=\"https:\/\/www.google.com\/recaptcha\/intro\/android.html\">https:\/\/www.google.com\/recaptcha\/intro\/android.html<\/a>.<\/p>\n\n\n\n<p><strong>Werbung<\/strong><\/p>\n\n\n\n<p>Auf dieser Website werden mit Hilfe der Dienstleister<\/p>\n\n\n\n<p>\u2022 <strong>Google Inc.,<\/strong> 1600 Amphitheatre Parkway, Mountain View, CA 94043, USA<\/p>\n\n\n\n<p>\u2022 <strong>Facebook Incorporated,<\/strong> 1601 S. California Ave, Palo Alto, CA 94304, USA<br><\/p>\n\n\n\n<p>Informationen \u00fcber das Surfverhalten der Besucher von Internetseiten zu Marketingzwecken und der stetigen Verbesserung des Angebots anonymisiert und\/oder unter einem Pseudonym gesammelt und gespeichert. Mit Hilfe eines \u201eSpionagepixels\u201c (Webbug) k\u00f6nnen Besucher der Seiten technisch und ohne Angabe personenbezogener Daten identifiziert werden, was die Erstellung pseudonymisierter Profile erm\u00f6glicht. Die Daten werden dann mithilfe von Cookies verschl\u00fcsselt und komprimiert auf Ihrem Computer gespeichert. Dieses Cookie ist nur f\u00fcr den Besucher selbst und den Dienstleister zug\u00e4nglich.<\/p>\n\n\n\n<p>Die Anbieter analysieren das Surfverhalten und k\u00f6nnen anschlie\u00dfend gezielte Produktempfehlungen in Form personalisierter Werbebanner auf anderen Websites anzeigen. In keinem Fall k\u00f6nnen diese Daten dazu genutzt werden, den Besucher dieser Website pers\u00f6nlich zu identifizieren. Die erhobenen Daten werden ausschliesslich zur Verbesserung des Angebots genutzt. Eine anderweitige Nutzung oder Weitergabe an Dritte ist nicht gestattet. Die im Rahmen des Angebots erfassten Daten enthalten keine personenbezogenen Daten. Dar\u00fcber hinaus \u00fcbermitteln wir ggf. Daten (personenbezogener oder anonymer Art) \u00fcber die Besucher unserer Website an Dienstleister, damit diese beim Besuch ihrer eigenen Angebote als solche identifizieren k\u00f6nnen und damit wir unsere Werbung anzeigen k\u00f6nnen (Dienstleister tun dies nicht). Sie verwenden die von uns an sie \u00fcbermittelten personenbezogenen Daten f\u00fcr eigene Zwecke. Die \u00dcbermittlung erfolgt ausschliesslich zum Zweck, ihnen bereits bekannte Besucher unserer Website identifizieren zu k\u00f6nnen.<\/p>\n\n\n\n<p><strong>Verwendung von<\/strong> <strong>Facebook-Plugins<\/strong><\/p>\n\n\n\n<p>Unser Website-Betreiber hat Plugins des sozialen Netzwerks facebook.com (nachfolgend \u201eFacebook\u201c genannt) integriert. Facebook ist ein Unternehmen der Facebook Inc., 1601 S. California Ave, Palo Alto, CA 94304, USA. Eine Liste dieser Facebook-Plugins sowie deren Aussehen k\u00f6nnen Sie unter folgender Adresse einsehen<a href=\"https:\/\/developers.facebook.com\/products\/social-plugins\/\">https:\/\/developers.facebook.com\/products\/social-plugins\/<\/a>.<\/p>\n\n\n\n<p>Bei jedem Aufruf einer Seite eines Internetauftritts, die mit einem solchen Modul ausgestattet ist, veranlasst dieser das Laden und Anzeigen der optischen Darstellung des Moduls vom Facebook-Server durch den von Ihnen verwendeten Browser. Dabei wird dem Facebook-Server mitgeteilt, welche konkreten Seiten unserer Website Sie besuchen. Sofern Sie \u00fcber ein Facebook-Konto verf\u00fcgen und w\u00e4hrend des Besuchs unserer Website dort eingeloggt sind, erkennt Facebook anhand der vom Modul gesendeten Informationen, welche konkreten Seiten unserer Website Sie besuchen und ordnet diese Ihrem pers\u00f6nlichen Benutzerkonto zu auf Facebook. Wenn Sie nun eines der Plugins aktivieren, beispielsweise durch Anklicken des \u201eGef\u00e4llt mir\u201c-Buttons oder durch die Abgabe eines Kommentars, werden die entsprechenden Informationen an Ihr pers\u00f6nliches Benutzerkonto auf Facebook \u00fcbermittelt und dort gespeichert. Dar\u00fcber hinaus werden Informationen \u00fcber Ihren Besuch unserer Website an Facebook \u00fcbermittelt, unabh\u00e4ngig davon, ob Sie eines der Plugins aktiviert haben oder nicht.<\/p>\n\n\n\n<p>Wenn Sie die \u00dcbermittlung und Speicherung von Daten \u00fcber Sie und Ihr Surfverhalten durch Facebook verhindern m\u00f6chten, m\u00fcssen Sie sich vor Ihrem Besuch unserer Website bei Facebook ausloggen. Um die Erfassung und \u00dcbermittlung von Daten \u00fcber Ihre Besuche durch Facebook-Plugins zu blockieren, k\u00f6nnen Sie f\u00fcr einige Browser ein Browser-Add-on \u201eFacebook Blocker\u201c herunterladen. Entfernen Sie das Add-on nicht, solange Sie Facebook-Plugins blockieren m\u00f6chten.<\/p>\n\n\n\n<p>Unter der folgenden Adresse finden Sie die Einzelheiten zum Datenschutz von Facebook mit n\u00e4heren Informationen zur Erhebung und Nutzung der Daten durch Facebook, Ihren diesbez\u00fcglichen Rechten und Einstellungsm\u00f6glichkeiten zum Schutz Ihrer Privatsph\u00e4re:<\/p>\n\n\n\n<p><a href=\"https:\/\/www.facebook.com\/privacy\/policy\/?entry_point=data_policy_redirect&amp;entry=0\">https:\/\/www.facebook.com\/privacy\/policy\/?entry_point=data_policy_redirect&amp;entry=0<\/a><\/p>\n\n\n\n<p><strong>Ihre Rechte bez\u00fcglich Ihrer Daten<\/strong><\/p>\n\n\n\n<p>Gem\u00e4ss den anwendbaren gesetzlichen Bestimmungen (DSG und DSV) haben Sie jederzeit das Recht auf Auskunft, Datenberichtigung, Datenl\u00f6schung, Einschr\u00e4nkung der Datenverarbeitung, Daten\u00fcbertragbarkeit, Widerruf Ihrer Bewilligung und Widerspruch. Sie k\u00f6nnen uns dazu unter <a href=\"mailto:info@lgbti-label.ch\">info@lgbti-label.ch<\/a> kontaktieren.<\/p>\n\n\n\n<p><strong>\u00c4nderung der Datenschutzerkl\u00e4rung<\/strong><\/p>\n\n\n\n<p>Diese Datenschutzerkl\u00e4rung entspricht den aktuell geltenden gesetzlichen Anforderungen gem\u00e4ss Datenschutzgesetz DSG und Datenschutzverordnung DSV. Wir behalten uns vor, diese Datenschutzerkl\u00e4rung jederzeit anzupassen, um sie mit allf\u00e4lligen \u00c4nderungen unserer Leistungen oder neuen rechtlichen Anforderungen in Einklang zu bringen.<\/p>\n","protected":false},"excerpt":{"rendered":"<p>Der Verein Swiss LGBTI-Label legt grossen Wert auf den Schutz Ihrer Daten und Ihrer Privatsph\u00e4re. Aus diesem Grund informieren wir Nutzerinnen und Nutzer unseres Internetangebotes \u00fcber die Art der gespeicherten Daten und deren Verwendung. Diese Datenschutzerkl\u00e4rung (Privacy Policy) gilt nur f\u00fcr die Website https:\/\/www.lgbti-label.ch sowie f\u00fcr s\u00e4mtliche Daten der mit unserem Label ausgezeichneten Unternehmen. F\u00fcr [&hellip;]<\/p>\n","protected":false},"author":1,"featured_media":0,"parent":0,"menu_order":41,"comment_status":"closed","ping_status":"closed","template":"","meta":{"_acf_changed":false,"footnotes":""},"class_list":["post-2026","page","type-page","status-publish","hentry"],"acf":[],"yoast_head":"\n<title>Datenschutzerkl\u00e4rung - Swiss LGBTI-Label<\/title>\n<meta name=\"robots\" content=\"index, follow, max-snippet:-1, max-image-preview:large, max-video-preview:-1\" \/>\n<link rel=\"canonical\" href=\"https:\/\/www.lgbti-label.ch\/de\/datenschutzerklaerung\/\" \/>\n<meta property=\"og:locale\" content=\"de_DE\" \/>\n<meta property=\"og:type\" content=\"article\" \/>\n<meta property=\"og:title\" content=\"Datenschutzerkl\u00e4rung - Swiss LGBTI-Label\" \/>\n<meta property=\"og:description\" content=\"Der Verein Swiss LGBTI-Label legt grossen Wert auf den Schutz Ihrer Daten und Ihrer Privatsph\u00e4re. Aus diesem Grund informieren wir Nutzerinnen und Nutzer unseres Internetangebotes \u00fcber die Art der gespeicherten Daten und deren Verwendung. Diese Datenschutzerkl\u00e4rung (Privacy Policy) gilt nur f\u00fcr die Website https:\/\/www.lgbti-label.ch sowie f\u00fcr s\u00e4mtliche Daten der mit unserem Label ausgezeichneten Unternehmen. F\u00fcr [&hellip;]\" \/>\n<meta property=\"og:url\" content=\"https:\/\/www.lgbti-label.ch\/de\/datenschutzerklaerung\/\" \/>\n<meta property=\"og:site_name\" content=\"Swiss LGBTI-Label\" \/>\n<meta property=\"article:modified_time\" content=\"2023-10-25T07:43:01+00:00\" \/>\n<meta name=\"twitter:card\" content=\"summary_large_image\" \/>\n<meta name=\"twitter:label1\" content=\"Gesch\u00e4tzte Lesezeit\" \/>\n\t<meta name=\"twitter:data1\" content=\"10\u00a0Minuten\" \/>\n","yoast_head_json":{"title":"Datenschutzerkl\u00e4rung - Swiss LGBTI-Label","robots":{"index":"index","follow":"follow","max-snippet":"max-snippet:-1","max-image-preview":"max-image-preview:large","max-video-preview":"max-video-preview:-1"},"canonical":"https:\/\/www.lgbti-label.ch\/de\/datenschutzerklaerung\/","og_locale":"de_DE","og_type":"article","og_title":"Datenschutzerkl\u00e4rung - Swiss LGBTI-Label","og_description":"Der Verein Swiss LGBTI-Label legt grossen Wert auf den Schutz Ihrer Daten und Ihrer Privatsph\u00e4re. Aus diesem Grund informieren wir Nutzerinnen und Nutzer unseres Internetangebotes \u00fcber die Art der gespeicherten Daten und deren Verwendung. Diese Datenschutzerkl\u00e4rung (Privacy Policy) gilt nur f\u00fcr die Website https:\/\/www.lgbti-label.ch sowie f\u00fcr s\u00e4mtliche Daten der mit unserem Label ausgezeichneten Unternehmen. F\u00fcr [&hellip;]","og_url":"https:\/\/www.lgbti-label.ch\/de\/datenschutzerklaerung\/","og_site_name":"Swiss LGBTI-Label","article_modified_time":"2023-10-25T07:43:01+00:00","twitter_card":"summary_large_image","twitter_misc":{"Gesch\u00e4tzte Lesezeit":"10\u00a0Minuten"},"schema":{"@context":"https:\/\/schema.org","@graph":[{"@type":"WebPage","@id":"https:\/\/www.lgbti-label.ch\/de\/datenschutzerklaerung\/","url":"https:\/\/www.lgbti-label.ch\/de\/datenschutzerklaerung\/","name":"Datenschutzerkl\u00e4rung - Swiss LGBTI-Label","isPartOf":{"@id":"https:\/\/www.lgbti-label.ch\/de\/#website"},"datePublished":"2021-01-07T11:15:52+00:00","dateModified":"2023-10-25T07:43:01+00:00","inLanguage":"de","potentialAction":[{"@type":"ReadAction","target":["https:\/\/www.lgbti-label.ch\/de\/datenschutzerklaerung\/"]}]},{"@type":"WebSite","@id":"https:\/\/www.lgbti-label.ch\/de\/#website","url":"https:\/\/www.lgbti-label.ch\/de\/","name":"Swiss LGBTI-Label","description":"Wir f\u00f6rdern Diversity und Inclusion von LGBTI-Menschen am Arbeitsplatz.","potentialAction":[{"@type":"SearchAction","target":{"@type":"EntryPoint","urlTemplate":"https:\/\/www.lgbti-label.ch\/de\/?s={search_term_string}"},"query-input":{"@type":"PropertyValueSpecification","valueRequired":true,"valueName":"search_term_string"}}],"inLanguage":"de"}]}},"_links":{"self":[{"href":"https:\/\/www.lgbti-label.ch\/de\/wp-json\/wp\/v2\/pages\/2026","targetHints":{"allow":["GET"]}}],"collection":[{"href":"https:\/\/www.lgbti-label.ch\/de\/wp-json\/wp\/v2\/pages"}],"about":[{"href":"https:\/\/www.lgbti-label.ch\/de\/wp-json\/wp\/v2\/types\/page"}],"author":[{"embeddable":true,"href":"https:\/\/www.lgbti-label.ch\/de\/wp-json\/wp\/v2\/users\/1"}],"replies":[{"embeddable":true,"href":"https:\/\/www.lgbti-label.ch\/de\/wp-json\/wp\/v2\/comments?post=2026"}],"version-history":[{"count":4,"href":"https:\/\/www.lgbti-label.ch\/de\/wp-json\/wp\/v2\/pages\/2026\/revisions"}],"predecessor-version":[{"id":4326,"href":"https:\/\/www.lgbti-label.ch\/de\/wp-json\/wp\/v2\/pages\/2026\/revisions\/4326"}],"wp:attachment":[{"href":"https:\/\/www.lgbti-label.ch\/de\/wp-json\/wp\/v2\/media?parent=2026"}],"curies":[{"name":"wp","href":"https:\/\/api.w.org\/{rel}","templated":true}]}}