{"id":1226,"date":"2021-01-14T11:06:16","date_gmt":"2021-01-14T10:06:16","guid":{"rendered":"https:\/\/www.lgbti-label.ch\/?page_id=1226"},"modified":"2021-01-14T11:06:16","modified_gmt":"2021-01-14T10:06:16","slug":"fuer-wen","status":"publish","type":"page","link":"https:\/\/www.lgbti-label.ch\/de\/fuer-wen\/","title":{"rendered":"St\u00e4rken Sie Ihr Employer Branding mit dem Swiss LGBTI-Label"},"content":{"rendered":"\n<p>Das Qualit\u00e4tssiegel \u00abSwiss LGBTI-Label\u00bb zeichnet Organisationen aus, die auf ein ganzheitliches Diversity &amp; Inclusion Management setzen. Und das unabh\u00e4ngig von der Organisationsgr\u00f6sse. Entdecken Sie hier Ihren Weg, das Swiss LGBTI-Label zu erwerben.<\/p>\n","protected":false},"excerpt":{"rendered":"<p>Das Qualit\u00e4tssiegel \u00abSwiss LGBTI-Label\u00bb zeichnet Organisationen aus, die auf ein ganzheitliches Diversity &amp; Inclusion Management setzen. Und das unabh\u00e4ngig von der Organisationsgr\u00f6sse. Entdecken Sie hier Ihren Weg, das Swiss LGBTI-Label zu erwerben.<\/p>\n","protected":false},"author":1,"featured_media":1857,"parent":0,"menu_order":10,"comment_status":"closed","ping_status":"closed","template":"page-list-sub-pages.php","meta":{"_acf_changed":false,"footnotes":""},"class_list":["post-1226","page","type-page","status-publish","has-post-thumbnail","hentry"],"acf":[],"yoast_head":"\n<title>Employer Branding st\u00e4rken und Qualit\u00e4tssiegel beantragen - Swiss LGBTI-Label<\/title>\n<meta name=\"description\" content=\"Mit dem Swiss LGBTI-Label st\u00e4rken Sie Ihr Employer Branding. Beantragen Sie hier das Qualit\u00e4tssiegel f\u00fcr Diversity &amp; Inclusion Management.\" \/>\n<meta name=\"robots\" content=\"index, follow, max-snippet:-1, max-image-preview:large, max-video-preview:-1\" \/>\n<link rel=\"canonical\" href=\"https:\/\/www.lgbti-label.ch\/de\/fuer-wen\/\" \/>\n<meta property=\"og:locale\" content=\"de_DE\" \/>\n<meta property=\"og:type\" content=\"article\" \/>\n<meta property=\"og:title\" content=\"Employer Branding st\u00e4rken und Qualit\u00e4tssiegel beantragen - Swiss LGBTI-Label\" \/>\n<meta property=\"og:description\" content=\"Mit dem Swiss LGBTI-Label st\u00e4rken Sie Ihr Employer Branding. Beantragen Sie hier das Qualit\u00e4tssiegel f\u00fcr Diversity &amp; Inclusion Management.\" \/>\n<meta property=\"og:url\" content=\"https:\/\/www.lgbti-label.ch\/de\/fuer-wen\/\" \/>\n<meta property=\"og:site_name\" content=\"Swiss LGBTI-Label\" \/>\n<meta property=\"og:image\" content=\"https:\/\/www.lgbti-label.ch\/wp-content\/uploads\/2021\/03\/istock-1197639424.jpg\" \/>\n\t<meta property=\"og:image:width\" content=\"1920\" \/>\n\t<meta property=\"og:image:height\" content=\"1204\" \/>\n\t<meta property=\"og:image:type\" content=\"image\/jpeg\" \/>\n<meta name=\"twitter:card\" content=\"summary_large_image\" \/>\n<meta name=\"twitter:label1\" content=\"Gesch\u00e4tzte Lesezeit\" \/>\n\t<meta name=\"twitter:data1\" content=\"1\u00a0Minute\" \/>\n","yoast_head_json":{"title":"Employer Branding st\u00e4rken und Qualit\u00e4tssiegel beantragen - Swiss LGBTI-Label","description":"Mit dem Swiss LGBTI-Label st\u00e4rken Sie Ihr Employer Branding. Beantragen Sie hier das Qualit\u00e4tssiegel f\u00fcr Diversity & Inclusion Management.","robots":{"index":"index","follow":"follow","max-snippet":"max-snippet:-1","max-image-preview":"max-image-preview:large","max-video-preview":"max-video-preview:-1"},"canonical":"https:\/\/www.lgbti-label.ch\/de\/fuer-wen\/","og_locale":"de_DE","og_type":"article","og_title":"Employer Branding st\u00e4rken und Qualit\u00e4tssiegel beantragen - Swiss LGBTI-Label","og_description":"Mit dem Swiss LGBTI-Label st\u00e4rken Sie Ihr Employer Branding. Beantragen Sie hier das Qualit\u00e4tssiegel f\u00fcr Diversity & Inclusion Management.","og_url":"https:\/\/www.lgbti-label.ch\/de\/fuer-wen\/","og_site_name":"Swiss LGBTI-Label","og_image":[{"width":1920,"height":1204,"url":"https:\/\/www.lgbti-label.ch\/wp-content\/uploads\/2021\/03\/istock-1197639424.jpg","type":"image\/jpeg"}],"twitter_card":"summary_large_image","twitter_misc":{"Gesch\u00e4tzte Lesezeit":"1\u00a0Minute"},"schema":{"@context":"https:\/\/schema.org","@graph":[{"@type":"WebPage","@id":"https:\/\/www.lgbti-label.ch\/de\/fuer-wen\/","url":"https:\/\/www.lgbti-label.ch\/de\/fuer-wen\/","name":"Employer Branding st\u00e4rken und Qualit\u00e4tssiegel beantragen - Swiss LGBTI-Label","isPartOf":{"@id":"https:\/\/www.lgbti-label.ch\/de\/#website"},"primaryImageOfPage":{"@id":"https:\/\/www.lgbti-label.ch\/de\/fuer-wen\/#primaryimage"},"image":{"@id":"https:\/\/www.lgbti-label.ch\/de\/fuer-wen\/#primaryimage"},"thumbnailUrl":"https:\/\/www.lgbti-label.ch\/wp-content\/uploads\/2021\/03\/istock-1197639424.jpg","datePublished":"2021-01-14T10:06:16+00:00","description":"Mit dem Swiss LGBTI-Label st\u00e4rken Sie Ihr Employer Branding. Beantragen Sie hier das Qualit\u00e4tssiegel f\u00fcr Diversity & Inclusion Management.","inLanguage":"de","potentialAction":[{"@type":"ReadAction","target":["https:\/\/www.lgbti-label.ch\/de\/fuer-wen\/"]}]},{"@type":"ImageObject","inLanguage":"de","@id":"https:\/\/www.lgbti-label.ch\/de\/fuer-wen\/#primaryimage","url":"https:\/\/www.lgbti-label.ch\/wp-content\/uploads\/2021\/03\/istock-1197639424.jpg","contentUrl":"https:\/\/www.lgbti-label.ch\/wp-content\/uploads\/2021\/03\/istock-1197639424.jpg","width":1920,"height":1204},{"@type":"WebSite","@id":"https:\/\/www.lgbti-label.ch\/de\/#website","url":"https:\/\/www.lgbti-label.ch\/de\/","name":"Swiss LGBTI-Label","description":"Wir f\u00f6rdern Diversity und Inclusion von LGBTI-Menschen am Arbeitsplatz.","potentialAction":[{"@type":"SearchAction","target":{"@type":"EntryPoint","urlTemplate":"https:\/\/www.lgbti-label.ch\/de\/?s={search_term_string}"},"query-input":{"@type":"PropertyValueSpecification","valueRequired":true,"valueName":"search_term_string"}}],"inLanguage":"de"}]}},"_links":{"self":[{"href":"https:\/\/www.lgbti-label.ch\/de\/wp-json\/wp\/v2\/pages\/1226","targetHints":{"allow":["GET"]}}],"collection":[{"href":"https:\/\/www.lgbti-label.ch\/de\/wp-json\/wp\/v2\/pages"}],"about":[{"href":"https:\/\/www.lgbti-label.ch\/de\/wp-json\/wp\/v2\/types\/page"}],"author":[{"embeddable":true,"href":"https:\/\/www.lgbti-label.ch\/de\/wp-json\/wp\/v2\/users\/1"}],"replies":[{"embeddable":true,"href":"https:\/\/www.lgbti-label.ch\/de\/wp-json\/wp\/v2\/comments?post=1226"}],"version-history":[{"count":0,"href":"https:\/\/www.lgbti-label.ch\/de\/wp-json\/wp\/v2\/pages\/1226\/revisions"}],"wp:featuredmedia":[{"embeddable":true,"href":"https:\/\/www.lgbti-label.ch\/de\/wp-json\/wp\/v2\/media\/1857"}],"wp:attachment":[{"href":"https:\/\/www.lgbti-label.ch\/de\/wp-json\/wp\/v2\/media?parent=1226"}],"curies":[{"name":"wp","href":"https:\/\/api.w.org\/{rel}","templated":true}]}}