{"id":1222,"date":"2021-01-14T11:04:30","date_gmt":"2021-01-14T10:04:30","guid":{"rendered":"https:\/\/www.lgbti-label.ch\/?page_id=1222"},"modified":"2025-02-20T10:02:07","modified_gmt":"2025-02-20T10:02:07","slug":"wozu-das-label","status":"publish","type":"page","link":"https:\/\/www.lgbti-label.ch\/de\/wozu-das-label\/","title":{"rendered":"Swiss LGBTI-Label: das Qualit\u00e4tssiegel f\u00fcr Gleichberechtigung"},"content":{"rendered":"<p>Als Qualit\u00e4tssiegel zeichnet das Swiss LGBTI-Label Organisationen aus, die sich f\u00fcr die innerbetriebliche Gleichberechtigung von LGBTI-Personen einsetzen. Denn ein ganzheitliches Diversity &amp; Inclusion Management bringt nachweislich \u00f6konomische Vorteile.<\/p>\n","protected":false},"excerpt":{"rendered":"<p>Als Qualit\u00e4tssiegel zeichnet das Swiss LGBTI-Label Organisationen aus, die sich f\u00fcr die innerbetriebliche Gleichberechtigung von LGBTI-Personen einsetzen. Denn ein ganzheitliches Diversity &amp; Inclusion Management bringt nachweislich \u00f6konomische Vorteile.<\/p>\n","protected":false},"author":1,"featured_media":1912,"parent":0,"menu_order":8,"comment_status":"closed","ping_status":"closed","template":"","meta":{"_acf_changed":false,"footnotes":""},"class_list":["post-1222","page","type-page","status-publish","has-post-thumbnail","hentry"],"acf":[],"yoast_head":"\n<title>Qualit\u00e4tssiegel | Diversity &amp; Inclusion Management - Swiss LGBTI-Label<\/title>\n<meta name=\"description\" content=\"Das Swiss LGBTI-Label ist ein Qualit\u00e4tssiegel f\u00fcr Organisationen, die sich f\u00fcr die innerbetriebliche Gleichberechtigung von LGBTI-Personen einsetzen.\" \/>\n<meta name=\"robots\" content=\"index, follow, max-snippet:-1, max-image-preview:large, max-video-preview:-1\" \/>\n<link rel=\"canonical\" href=\"https:\/\/www.lgbti-label.ch\/de\/wozu-das-label\/\" \/>\n<meta property=\"og:locale\" content=\"de_DE\" \/>\n<meta property=\"og:type\" content=\"article\" \/>\n<meta property=\"og:title\" content=\"Qualit\u00e4tssiegel | Diversity &amp; Inclusion Management - Swiss LGBTI-Label\" \/>\n<meta property=\"og:description\" content=\"Das Swiss LGBTI-Label ist ein Qualit\u00e4tssiegel f\u00fcr Organisationen, die sich f\u00fcr die innerbetriebliche Gleichberechtigung von LGBTI-Personen einsetzen.\" \/>\n<meta property=\"og:url\" content=\"https:\/\/www.lgbti-label.ch\/de\/wozu-das-label\/\" \/>\n<meta property=\"og:site_name\" content=\"Swiss LGBTI-Label\" \/>\n<meta property=\"article:modified_time\" content=\"2025-02-20T10:02:07+00:00\" \/>\n<meta property=\"og:image\" content=\"https:\/\/www.lgbti-label.ch\/wp-content\/uploads\/2021\/03\/istock-508919754.jpg\" \/>\n\t<meta property=\"og:image:width\" content=\"1920\" \/>\n\t<meta property=\"og:image:height\" content=\"1280\" \/>\n\t<meta property=\"og:image:type\" content=\"image\/jpeg\" \/>\n<meta name=\"twitter:card\" content=\"summary_large_image\" \/>\n<meta name=\"twitter:label1\" content=\"Gesch\u00e4tzte Lesezeit\" \/>\n\t<meta name=\"twitter:data1\" content=\"1\u00a0Minute\" \/>\n","yoast_head_json":{"title":"Qualit\u00e4tssiegel | Diversity & Inclusion Management - Swiss LGBTI-Label","description":"Das Swiss LGBTI-Label ist ein Qualit\u00e4tssiegel f\u00fcr Organisationen, die sich f\u00fcr die innerbetriebliche Gleichberechtigung von LGBTI-Personen einsetzen.","robots":{"index":"index","follow":"follow","max-snippet":"max-snippet:-1","max-image-preview":"max-image-preview:large","max-video-preview":"max-video-preview:-1"},"canonical":"https:\/\/www.lgbti-label.ch\/de\/wozu-das-label\/","og_locale":"de_DE","og_type":"article","og_title":"Qualit\u00e4tssiegel | Diversity & Inclusion Management - Swiss LGBTI-Label","og_description":"Das Swiss LGBTI-Label ist ein Qualit\u00e4tssiegel f\u00fcr Organisationen, die sich f\u00fcr die innerbetriebliche Gleichberechtigung von LGBTI-Personen einsetzen.","og_url":"https:\/\/www.lgbti-label.ch\/de\/wozu-das-label\/","og_site_name":"Swiss LGBTI-Label","article_modified_time":"2025-02-20T10:02:07+00:00","og_image":[{"width":1920,"height":1280,"url":"https:\/\/www.lgbti-label.ch\/wp-content\/uploads\/2021\/03\/istock-508919754.jpg","type":"image\/jpeg"}],"twitter_card":"summary_large_image","twitter_misc":{"Gesch\u00e4tzte Lesezeit":"1\u00a0Minute"},"schema":{"@context":"https:\/\/schema.org","@graph":[{"@type":"WebPage","@id":"https:\/\/www.lgbti-label.ch\/de\/wozu-das-label\/","url":"https:\/\/www.lgbti-label.ch\/de\/wozu-das-label\/","name":"Qualit\u00e4tssiegel | Diversity & Inclusion Management - Swiss LGBTI-Label","isPartOf":{"@id":"https:\/\/www.lgbti-label.ch\/de\/#website"},"primaryImageOfPage":{"@id":"https:\/\/www.lgbti-label.ch\/de\/wozu-das-label\/#primaryimage"},"image":{"@id":"https:\/\/www.lgbti-label.ch\/de\/wozu-das-label\/#primaryimage"},"thumbnailUrl":"https:\/\/www.lgbti-label.ch\/wp-content\/uploads\/2021\/03\/istock-508919754.jpg","datePublished":"2021-01-14T10:04:30+00:00","dateModified":"2025-02-20T10:02:07+00:00","description":"Das Swiss LGBTI-Label ist ein Qualit\u00e4tssiegel f\u00fcr Organisationen, die sich f\u00fcr die innerbetriebliche Gleichberechtigung von LGBTI-Personen einsetzen.","inLanguage":"de","potentialAction":[{"@type":"ReadAction","target":["https:\/\/www.lgbti-label.ch\/de\/wozu-das-label\/"]}]},{"@type":"ImageObject","inLanguage":"de","@id":"https:\/\/www.lgbti-label.ch\/de\/wozu-das-label\/#primaryimage","url":"https:\/\/www.lgbti-label.ch\/wp-content\/uploads\/2021\/03\/istock-508919754.jpg","contentUrl":"https:\/\/www.lgbti-label.ch\/wp-content\/uploads\/2021\/03\/istock-508919754.jpg","width":1920,"height":1280},{"@type":"WebSite","@id":"https:\/\/www.lgbti-label.ch\/de\/#website","url":"https:\/\/www.lgbti-label.ch\/de\/","name":"Swiss LGBTI-Label","description":"Wir f\u00f6rdern Diversity und Inclusion von LGBTI-Menschen am Arbeitsplatz.","potentialAction":[{"@type":"SearchAction","target":{"@type":"EntryPoint","urlTemplate":"https:\/\/www.lgbti-label.ch\/de\/?s={search_term_string}"},"query-input":{"@type":"PropertyValueSpecification","valueRequired":true,"valueName":"search_term_string"}}],"inLanguage":"de"}]}},"_links":{"self":[{"href":"https:\/\/www.lgbti-label.ch\/de\/wp-json\/wp\/v2\/pages\/1222","targetHints":{"allow":["GET"]}}],"collection":[{"href":"https:\/\/www.lgbti-label.ch\/de\/wp-json\/wp\/v2\/pages"}],"about":[{"href":"https:\/\/www.lgbti-label.ch\/de\/wp-json\/wp\/v2\/types\/page"}],"author":[{"embeddable":true,"href":"https:\/\/www.lgbti-label.ch\/de\/wp-json\/wp\/v2\/users\/1"}],"replies":[{"embeddable":true,"href":"https:\/\/www.lgbti-label.ch\/de\/wp-json\/wp\/v2\/comments?post=1222"}],"version-history":[{"count":65,"href":"https:\/\/www.lgbti-label.ch\/de\/wp-json\/wp\/v2\/pages\/1222\/revisions"}],"predecessor-version":[{"id":4988,"href":"https:\/\/www.lgbti-label.ch\/de\/wp-json\/wp\/v2\/pages\/1222\/revisions\/4988"}],"wp:featuredmedia":[{"embeddable":true,"href":"https:\/\/www.lgbti-label.ch\/de\/wp-json\/wp\/v2\/media\/1912"}],"wp:attachment":[{"href":"https:\/\/www.lgbti-label.ch\/de\/wp-json\/wp\/v2\/media?parent=1222"}],"curies":[{"name":"wp","href":"https:\/\/api.w.org\/{rel}","templated":true}]}}